{"id":229,"date":"2024-07-17T10:28:56","date_gmt":"2024-07-17T08:28:56","guid":{"rendered":"https:\/\/genesisms.ro\/genesis-pekseg\/"},"modified":"2024-07-24T09:21:48","modified_gmt":"2024-07-24T07:21:48","slug":"brutaria-genesis","status":"publish","type":"page","link":"https:\/\/genesisms.ro\/ro\/brutaria-genesis\/","title":{"rendered":"Brut\u0103ria Genesis"},"content":{"rendered":"<div class=\"wpb-content-wrapper\"><p>[vc_row full_width=&#8221;stretch_row&#8221; equal_height=&#8221;yes&#8221; content_placement=&#8221;middle&#8221; el_class=&#8221;row-gradient bg-gradient-red about-content&#8221;][vc_column offset=&#8221;vc_hidden-xs&#8221;][vc_single_image image=&#8221;17&#8243; img_size=&#8221;full&#8221; alignment=&#8221;center&#8221; css=&#8221;&#8221; image_hovers=&#8221;false&#8221; lazy_loading=&#8221;true&#8221;][vc_custom_heading text=&#8221;Credem c\u0103 p\u00e2inea are nevoie de atingere \u0219i de o grij\u0103 dedicat\u0103.&#8221; font_container=&#8221;tag:h2|text_align:center&#8221; use_theme_fonts=&#8221;yes&#8221; css=&#8221;&#8221;][vc_column_text css=&#8221;&#8221;]Gustul \u0219i aroma special\u0103 a p\u00e2inilor noastre sunt asigurate de maiaua tradi\u021bional\u0103 cu fermentare lung\u0103 \u0219i de ingredientele de \u00eenalt\u0103 calitate, selectate cu mare aten\u021bie.<\/p>\n<p>Consider\u0103m important s\u0103 p\u0103str\u0103m \u0219i s\u0103 folosim re\u021betele tradi\u021bionale, precum \u0219i ingredientele pe care le-au folosit p\u0103rin\u021bii \u0219i bunicii no\u0219tri. Ne str\u0103duim s\u0103 cump\u0103r\u0103m de la produc\u0103tori locali \u0219i s\u0103 folosim ingrediente locale, fie c\u0103 este vorba despre produsele noastre de panifica\u021bie sau despre produsele noastre de patiserie.[\/vc_column_text][vc_single_image image=&#8221;27&#8243; img_size=&#8221;full&#8221; alignment=&#8221;center&#8221; css=&#8221;&#8221; image_hovers=&#8221;false&#8221; lazy_loading=&#8221;true&#8221;][vc_column_text css=&#8221;&#8221;]Credem c\u0103 p\u00e2inea are puterea de a aduce oamenii \u00eempreun\u0103, reune\u0219te familia, prietenii \u0219i ofer\u0103 momente de bucurie la mas\u0103. Preg\u0103tim produsele noastre cu aten\u021bie, expertiz\u0103 \u0219i grij\u0103, \u0219i sper\u0103m sincer c\u0103 le ve\u021bi consuma cu poft\u0103 \u0219i bun\u0103 dispozi\u021bie.[\/vc_column_text][\/vc_column][\/vc_row][vc_section full_width=&#8221;stretch_row&#8221; el_class=&#8221;bg-gradient-cream&#8221;][vc_row][vc_column][vc_custom_heading text=&#8221;UN SFERT DE SECOL<br \/>\n\u00ceN SLUJBA GUSTURILOR DELICIOASE&#8221; font_container=&#8221;tag:h1|text_align:center&#8221; use_theme_fonts=&#8221;yes&#8221; css=&#8221;&#8221; el_class=&#8221;mb-2&#8243;]<div class=\"smile-icon-timeline-wrap csstime   \"     style=\"\"><div class=\"timeline-line \" style=\"border-right-color:#c6b5a1;\"><span><\/span><\/div><div class=\"timeline-wrapper\"><div class=\"timeline-block \"><div class=\"timeline-dot\"><\/div><div class=\"ult-timeline-arrow\"><s><\/s><l><\/l><\/div><div class=\"timeline-icon-block\"><div class=\"ult-timeline-icon tl-icon-no-bg\" style=\"   \"><\/div> <!-- icon --><\/div><div class=\"timeline-header-block\" >\n\t\t\t\t\t\t\t<div id=\"timeline-item-2107\" class=\"timeline-header\" style=\"\"><h3 class=\"ult-timeline-title ult-responsive\"  data-ultimate-target='#timeline-item-2107 .ult-timeline-title'  data-responsive-json-new='{\"font-size\":\"\",\"line-height\":\"\"}'  style=\"\"><\/h3><div class=\"ult-responsive timeline-item-spt\"  data-ultimate-target='#timeline-item-2107 .timeline-item-spt'  data-responsive-json-new='{\"font-size\":\"\",\"line-height\":\"\"}'  style=\"\"><strong>Compania Genesis a fost \u00eenfiin\u021bat\u0103 \u00een 1998<\/strong>, cu scopul de a produce p\u00e2ine \u0219i produse de panifica\u021bie. La \u00eenceput, ne-am asociat cu o companie din Ungaria pentru a \u00eencepe activitatea noastr\u0103. Acea companie partener\u0103 a furnizat echipamentul \u0219i tehnologia necesare pentru func\u021bionarea brut\u0103riei, \u00een timp ce Genesis a asigurat spa\u021biul necesar pentru produc\u021bie. Ulterior, compania partener\u0103 s-a retras dup\u0103 ce Genesis a pl\u0103tit investi\u021biile acesteia \u0219i a continuat s\u0103 func\u021bioneze independent.<\/div><\/div> <!-- header --><\/div><\/div><div class=\"timeline-block \"><div class=\"timeline-dot\"><\/div><div class=\"ult-timeline-arrow\"><s><\/s><l><\/l><\/div><div class=\"timeline-icon-block\"><div class=\"ult-timeline-icon tl-icon-no-bg\" style=\"   \"><\/div> <!-- icon --><\/div><div class=\"timeline-header-block\" >\n\t\t\t\t\t\t\t<div id=\"timeline-item-2701\" class=\"timeline-header\" style=\"\"><h3 class=\"ult-timeline-title ult-responsive\"  data-ultimate-target='#timeline-item-2701 .ult-timeline-title'  data-responsive-json-new='{\"font-size\":\"\",\"line-height\":\"\"}'  style=\"\"><\/h3><div class=\"ult-responsive timeline-item-spt\"  data-ultimate-target='#timeline-item-2701 .timeline-item-spt'  data-responsive-json-new='{\"font-size\":\"\",\"line-height\":\"\"}'  style=\"\"><strong>\u00cen 2007<\/strong>, compania a achizi\u021bionat o nou\u0103 proprietate, permi\u021b\u00e2ndu-ne s\u0103 ne mut\u0103m \u00eentr-un spa\u021biu mai mare.<\/div><\/div> <!-- header --><\/div><\/div><div class=\"timeline-block \"><div class=\"timeline-dot\"><\/div><div class=\"ult-timeline-arrow\"><s><\/s><l><\/l><\/div><div class=\"timeline-icon-block\"><div class=\"ult-timeline-icon tl-icon-no-bg\" style=\"   \"><\/div> <!-- icon --><\/div><div class=\"timeline-header-block\" >\n\t\t\t\t\t\t\t<div id=\"timeline-item-9487\" class=\"timeline-header\" style=\"\"><h3 class=\"ult-timeline-title ult-responsive\"  data-ultimate-target='#timeline-item-9487 .ult-timeline-title'  data-responsive-json-new='{\"font-size\":\"\",\"line-height\":\"\"}'  style=\"\"><\/h3><div class=\"ult-responsive timeline-item-spt\"  data-ultimate-target='#timeline-item-9487 .timeline-item-spt'  data-responsive-json-new='{\"font-size\":\"\",\"line-height\":\"\"}'  style=\"\"><strong>\u00cen 2009<\/strong>, din motive \u00eenc\u0103 neclare, cl\u0103direa noii brut\u0103rii a ars, provoc\u00e2nd daune considerabile. Slav\u0103 Domnului \u0219i datorit\u0103 ajutorului multor oameni altrui\u0219ti, am reu\u0219it s\u0103 ne redres\u0103m \u00een decurs de jum\u0103tate de an \u0219i s\u0103 relu\u0103m activitatea de unde am r\u0103mas.<\/div><\/div> <!-- header --><\/div><\/div><div class=\"timeline-block \"><div class=\"timeline-dot\"><\/div><div class=\"ult-timeline-arrow\"><s><\/s><l><\/l><\/div><div class=\"timeline-icon-block\"><div class=\"ult-timeline-icon tl-icon-no-bg\" style=\"   \"><\/div> <!-- icon --><\/div><div class=\"timeline-header-block\" >\n\t\t\t\t\t\t\t<div id=\"timeline-item-8821\" class=\"timeline-header\" style=\"\"><h3 class=\"ult-timeline-title ult-responsive\"  data-ultimate-target='#timeline-item-8821 .ult-timeline-title'  data-responsive-json-new='{\"font-size\":\"\",\"line-height\":\"\"}'  style=\"\"><\/h3><div class=\"ult-responsive timeline-item-spt\"  data-ultimate-target='#timeline-item-8821 .timeline-item-spt'  data-responsive-json-new='{\"font-size\":\"\",\"line-height\":\"\"}'  style=\"\"><strong>Din 2018<\/strong>, preg\u0103tim \u0219i sandvi\u0219uri, satisf\u0103c\u00e2nd astfel o gam\u0103 mai larg\u0103 de nevoi.<\/div><\/div> <!-- header --><\/div><\/div><div class=\"timeline-block \"><div class=\"timeline-dot\"><\/div><div class=\"ult-timeline-arrow\"><s><\/s><l><\/l><\/div><div class=\"timeline-icon-block\"><div class=\"ult-timeline-icon tl-icon-no-bg\" style=\"   \"><\/div> <!-- icon --><\/div><div class=\"timeline-header-block\" >\n\t\t\t\t\t\t\t<div id=\"timeline-item-4537\" class=\"timeline-header\" style=\"\"><h3 class=\"ult-timeline-title ult-responsive\"  data-ultimate-target='#timeline-item-4537 .ult-timeline-title'  data-responsive-json-new='{\"font-size\":\"\",\"line-height\":\"\"}'  style=\"\"><\/h3><div class=\"ult-responsive timeline-item-spt\"  data-ultimate-target='#timeline-item-4537 .timeline-item-spt'  data-responsive-json-new='{\"font-size\":\"\",\"line-height\":\"\"}'  style=\"\">De-a lungul anilor, ne-am extins activitatea \u0219i \u00een domeniul cofet\u0103riei, \u00eenfiin\u021b\u00e2nd o mic\u0103 cofet\u0103rie l\u00e2ng\u0103 brut\u0103rie. \u00centre timp, aceast\u0103 mic\u0103 cofet\u0103rie a cunoscut o dezvoltare tot mai mare, astfel \u00eenc\u00e2t, \u00een <strong>noiembrie 2023<\/strong>, compania a achizi\u021bionat o nou\u0103 cl\u0103dire, pe care o vom adapta corespunz\u0103tor pentru aceast\u0103 activitate.<\/div><\/div> <!-- header --><\/div><\/div><\/div><\/div>[vc_column_text css=&#8221;&#8221;]<\/p>\n<p style=\"text-align: center;\">\u00cen cei 25 de ani de activitate, ne-am dezvoltat constant tehnologia, am achizi\u021bionat utilaje noi \u0219i am amenajat spa\u021biul de produc\u021bie conform cerin\u021belor Uniunii Europene.<\/p>\n<p>[\/vc_column_text][vc_custom_heading text=&#8221;\u00cen brut\u0103ria noastr\u0103, folosim tehnologia tradi\u021bional\u0103 \u00eenc\u0103 de la \u00eenceput.&#8221; font_container=&#8221;tag:h3|text_align:center&#8221; use_theme_fonts=&#8221;yes&#8221; css=&#8221;&#8221;][\/vc_column][\/vc_row][\/vc_section]<\/p>\n<\/div>","protected":false},"excerpt":{"rendered":"<p>[vc_row full_width=&#8221;stretch_row&#8221; equal_height=&#8221;yes&#8221; content_placement=&#8221;middle&#8221; el_class=&#8221;row-gradient bg-gradient-red about-content&#8221;][vc_column offset=&#8221;vc_hidden-xs&#8221;][vc_single_image image=&#8221;17&#8243; img_size=&#8221;full&#8221; alignment=&#8221;center&#8221; css=&#8221;&#8221; image_hovers=&#8221;false&#8221; lazy_loading=&#8221;true&#8221;][vc_custom_heading text=&#8221;Credem c\u0103 p\u00e2inea are nevoie de atingere \u0219i de o grij\u0103 dedicat\u0103.&#8221; font_container=&#8221;tag:h2|text_align:center&#8221; use_theme_fonts=&#8221;yes&#8221; css=&#8221;&#8221;][vc_column_text css=&#8221;&#8221;]Gustul \u0219i aroma special\u0103 a p\u00e2inilor noastre sunt asigurate de maiaua tradi\u021bional\u0103 cu fermentare lung\u0103 \u0219i de ingredientele de \u00eenalt\u0103 calitate, selectate cu mare aten\u021bie. Consider\u0103m&hellip;<\/p>\n","protected":false},"author":1,"featured_media":0,"parent":0,"menu_order":0,"comment_status":"closed","ping_status":"closed","template":"","meta":{"footnotes":""},"class_list":["post-229","page","type-page","status-publish","hentry","description-off"],"_links":{"self":[{"href":"https:\/\/genesisms.ro\/ro\/wp-json\/wp\/v2\/pages\/229"}],"collection":[{"href":"https:\/\/genesisms.ro\/ro\/wp-json\/wp\/v2\/pages"}],"about":[{"href":"https:\/\/genesisms.ro\/ro\/wp-json\/wp\/v2\/types\/page"}],"author":[{"embeddable":true,"href":"https:\/\/genesisms.ro\/ro\/wp-json\/wp\/v2\/users\/1"}],"replies":[{"embeddable":true,"href":"https:\/\/genesisms.ro\/ro\/wp-json\/wp\/v2\/comments?post=229"}],"version-history":[{"count":2,"href":"https:\/\/genesisms.ro\/ro\/wp-json\/wp\/v2\/pages\/229\/revisions"}],"predecessor-version":[{"id":231,"href":"https:\/\/genesisms.ro\/ro\/wp-json\/wp\/v2\/pages\/229\/revisions\/231"}],"wp:attachment":[{"href":"https:\/\/genesisms.ro\/ro\/wp-json\/wp\/v2\/media?parent=229"}],"curies":[{"name":"wp","href":"https:\/\/api.w.org\/{rel}","templated":true}]}}